{"id":5480,"date":"2023-06-14T06:14:45","date_gmt":"2023-06-14T06:14:45","guid":{"rendered":"http:\/\/testrahan.limpidsystems.com\/?page_id=5480"},"modified":"2023-09-18T16:38:42","modified_gmt":"2023-09-18T16:38:42","slug":"karrieretipps","status":"publish","type":"page","link":"https:\/\/rahantech.com\/en\/karrieretipps\/","title":{"rendered":"Career Tips"},"content":{"rendered":"<div data-elementor-type=\"wp-page\" data-elementor-id=\"5480\" class=\"elementor elementor-5480\">\n\t\t\t\t\t\t<section class=\"elementor-section elementor-top-section elementor-element elementor-element-2a9586d ot-layout_block elementor-section-boxed elementor-section-height-default elementor-section-height-default\" data-id=\"2a9586d\" data-element_type=\"section\">\n\t\t\t\t\t\t<div class=\"elementor-container elementor-column-gap-default\">\n\t\t\t\t\t<div class=\"elementor-column elementor-col-100 elementor-top-column elementor-element elementor-element-a7dc23b ot-flex-column-vertical\" data-id=\"a7dc23b\" data-element_type=\"column\">\n\t\t\t<div class=\"elementor-widget-wrap elementor-element-populated\">\n\t\t\t\t\t\t<div class=\"elementor-element elementor-element-ae2daf4 elementor-widget elementor-widget-iserv_box_2\" data-id=\"ae2daf4\" data-element_type=\"widget\" data-widget_type=\"iserv_box_2.default\">\n\t\t\t\t<div class=\"elementor-widget-container\">\n\t\t\t\r\n\t\t<div class=\"serv-box-2 s2\">\r\n\t\t\t<span class=\"big-number\">01<\/span>\r\n\t\t\t<div class=\"icon-main\">\r\n\t\t        <i aria-hidden=\"true\" class=\"fas fa-info\"><\/i>\t\t\t    \t\t        \t        <\/div>\r\n\t        <div class=\"content-box\">\r\n\t            <h5>Personal Information<\/h5>\r\n\t\t\t\t<div>- Include your full name, date of birth, nationality and contact information (address, phone number and email)\n<br>\n- Insert a professional photo in the top right corner of the document<\/div>\r\n\t\t\t\t<a href=\"#\" class=\"btn-details\"><\/a>\r\n\t        <\/div>\r\n\t    <\/div>\r\n\r\n\t    \t\t<\/div>\n\t\t\t\t<\/div>\n\t\t\t\t<div class=\"elementor-element elementor-element-02632bd elementor-widget elementor-widget-iserv_box_2\" data-id=\"02632bd\" data-element_type=\"widget\" data-widget_type=\"iserv_box_2.default\">\n\t\t\t\t<div class=\"elementor-widget-container\">\n\t\t\t\r\n\t\t<div class=\"serv-box-2 s2\">\r\n\t\t\t<span class=\"big-number\">02<\/span>\r\n\t\t\t<div class=\"icon-main\">\r\n\t\t        <i aria-hidden=\"true\" class=\"fas fa-user-graduate\"><\/i>\t\t\t    \t\t        \t        <\/div>\r\n\t        <div class=\"content-box\">\r\n\t            <h5>Education<\/h5>\r\n\t\t\t\t<div>- Start with the most recent education and list it in reverse chronological order\n<br>\n- Mention the dates of attendance, name of the degree or program and the university or\neducational institution you attended\n<br>\n- Highlight any relevant coursework, thesis projects or specialized training<\/div>\r\n\t\t\t\t<a href=\"#\" class=\"btn-details\"><\/a>\r\n\t        <\/div>\r\n\t    <\/div>\r\n\r\n\t    \t\t<\/div>\n\t\t\t\t<\/div>\n\t\t\t\t<div class=\"elementor-element elementor-element-dc0f28f elementor-widget elementor-widget-iserv_box_2\" data-id=\"dc0f28f\" data-element_type=\"widget\" data-widget_type=\"iserv_box_2.default\">\n\t\t\t\t<div class=\"elementor-widget-container\">\n\t\t\t\r\n\t\t<div class=\"serv-box-2 s2\">\r\n\t\t\t<span class=\"big-number\">03<\/span>\r\n\t\t\t<div class=\"icon-main\">\r\n\t\t        <i aria-hidden=\"true\" class=\"fas fa-medal\"><\/i>\t\t\t    \t\t        \t        <\/div>\r\n\t        <div class=\"content-box\">\r\n\t            <h5>Work Experience<\/h5>\r\n\t\t\t\t<div>- List your work experience in reverse chronological order, starting with the most recent position\n<br>\n- Include the dates worked, job title, name of the company or organization and location\n<br>\n- Provide concise descriptions of your responsibilities and achievements in each role, focusing on tasks and skills\n<br>\n- Emphasize your experience in writing, editing and content strategy<\/div>\r\n\t\t\t\t<a href=\"#\" class=\"btn-details\"><\/a>\r\n\t        <\/div>\r\n\t    <\/div>\r\n\r\n\t    \t\t<\/div>\n\t\t\t\t<\/div>\n\t\t\t\t<div class=\"elementor-element elementor-element-622eec8 elementor-widget elementor-widget-iserv_box_2\" data-id=\"622eec8\" data-element_type=\"widget\" data-widget_type=\"iserv_box_2.default\">\n\t\t\t\t<div class=\"elementor-widget-container\">\n\t\t\t\r\n\t\t<div class=\"serv-box-2 s2\">\r\n\t\t\t<span class=\"big-number\">04<\/span>\r\n\t\t\t<div class=\"icon-main\">\r\n\t\t        <i aria-hidden=\"true\" class=\"fas fa-cogs\"><\/i>\t\t\t    \t\t        \t        <\/div>\r\n\t        <div class=\"content-box\">\r\n\t            <h5>Skills<\/h5>\r\n\t\t\t\t<div>- Create a separate section to showcase your skills relevant to your experience\n<br>\n- Consider including technical skills such as proficiency in specific software, programming languages or tools that are relevant to your field\n<br>\n- Mention any additional language proficiency or certifications relevant to the job or industry\n<br>\n- Include soft skills such as leadership, teamwork, problem-solving, and adaptability to demonstrate\nyour ability to work well with others and handle various challenges<\/div>\r\n\t\t\t\t<a href=\"#\" class=\"btn-details\"><\/a>\r\n\t        <\/div>\r\n\t    <\/div>\r\n\r\n\t    \t\t<\/div>\n\t\t\t\t<\/div>\n\t\t\t\t<div class=\"elementor-element elementor-element-6859b7b elementor-widget elementor-widget-iserv_box_2\" data-id=\"6859b7b\" data-element_type=\"widget\" data-widget_type=\"iserv_box_2.default\">\n\t\t\t\t<div class=\"elementor-widget-container\">\n\t\t\t\r\n\t\t<div class=\"serv-box-2 s2\">\r\n\t\t\t<span class=\"big-number\">05<\/span>\r\n\t\t\t<div class=\"icon-main\">\r\n\t\t        <i aria-hidden=\"true\" class=\"far fa-file-alt\"><\/i>\t\t\t    \t\t        \t        <\/div>\r\n\t        <div class=\"content-box\">\r\n\t            <h5>Work Samples or Portfolio<\/h5>\r\n\t\t\t\t<div>- Whenever possible, include a link to your online portfolio, such as GitHub, where potential\nemployers can view your work samples\n<br>\n- If you have received any recognition, awards or positive feedback relevant to your experience,\nmention it briefly to highlight your achievements and credibility<\/div>\r\n\t\t\t\t<a href=\"#\" class=\"btn-details\"><\/a>\r\n\t        <\/div>\r\n\t    <\/div>\r\n\r\n\t    \t\t<\/div>\n\t\t\t\t<\/div>\n\t\t\t\t<div class=\"elementor-element elementor-element-cca2c3a elementor-widget elementor-widget-iserv_box_2\" data-id=\"cca2c3a\" data-element_type=\"widget\" data-widget_type=\"iserv_box_2.default\">\n\t\t\t\t<div class=\"elementor-widget-container\">\n\t\t\t\r\n\t\t<div class=\"serv-box-2 s2\">\r\n\t\t\t<span class=\"big-number\">06<\/span>\r\n\t\t\t<div class=\"icon-main\">\r\n\t\t        <i aria-hidden=\"true\" class=\"fas fa-plus\"><\/i>\t\t\t    \t\t        \t        <\/div>\r\n\t        <div class=\"content-box\">\r\n\t            <h5>Additional Information<\/h5>\r\n\t\t\t\t<div>- Include any relevant internships, freelance work or volunteer experience\n<br>\n- Mention language proficiency, especially in German and English and any other languages you are fluent\n<br>\n- If applicable, include any professional memberships, industry affiliations or relevant workshops or conferences attended<\/div>\r\n\t\t\t\t<a href=\"#\" class=\"btn-details\"><\/a>\r\n\t        <\/div>\r\n\t    <\/div>\r\n\r\n\t    \t\t<\/div>\n\t\t\t\t<\/div>\n\t\t\t\t<div class=\"elementor-element elementor-element-c8caea5 elementor-widget elementor-widget-iserv_box_2\" data-id=\"c8caea5\" data-element_type=\"widget\" data-widget_type=\"iserv_box_2.default\">\n\t\t\t\t<div class=\"elementor-widget-container\">\n\t\t\t\r\n\t\t<div class=\"serv-box-2 s2\">\r\n\t\t\t<span class=\"big-number\">07<\/span>\r\n\t\t\t<div class=\"icon-main\">\r\n\t\t        <i aria-hidden=\"true\" class=\"fas fa-paint-brush\"><\/i>\t\t\t    \t\t        \t        <\/div>\r\n\t        <div class=\"content-box\">\r\n\t            <h5>Formatting<\/h5>\r\n\t\t\t\t<div>- Keep the resume well-structured and concise, ensuring it fits within two pages\n<br>\n- Use a professional font and maintain consistent formatting throughout the document\n<br>\n- Organize the information using clear headings and bullet points for easy readability\n<br>\n- Proofread carefully for grammar and spelling errors<\/div>\r\n\t\t\t\t<a href=\"#\" class=\"btn-details\"><\/a>\r\n\t        <\/div>\r\n\t    <\/div>\r\n\r\n\t    \t\t<\/div>\n\t\t\t\t<\/div>\n\t\t\t\t\t<\/div>\n\t\t<\/div>\n\t\t\t\t\t<\/div>\n\t\t<\/section>\n\t\t\t\t<\/div>","protected":false},"excerpt":{"rendered":"<p>01 Pers\u00f6nliche Informationen &#8211; Geben Sie Ihren vollst\u00e4ndigen Namen, Ihr Geburtsdatum, Ihre Staatsangeh\u00f6rigkeit und Ihre Kontaktdaten an (Adresse, Telefonnummer und E-Mail-Adresse) &#8211; F\u00fcgen Sie ein professionelles Foto in die rechte obere Ecke des Dokuments ein 02 Ausbildung &#8211; Beginnen Sie mit der aktuellsten Ausbildung und listen Sie diese in umgekehrter chronologischer Reihenfolge auf &#8211; Geben [&hellip;]<\/p>","protected":false},"author":1,"featured_media":0,"parent":0,"menu_order":0,"comment_status":"closed","ping_status":"closed","template":"","meta":{"footnotes":""},"class_list":["post-5480","page","type-page","status-publish","hentry"],"_links":{"self":[{"href":"https:\/\/rahantech.com\/en\/wp-json\/wp\/v2\/pages\/5480","targetHints":{"allow":["GET"]}}],"collection":[{"href":"https:\/\/rahantech.com\/en\/wp-json\/wp\/v2\/pages"}],"about":[{"href":"https:\/\/rahantech.com\/en\/wp-json\/wp\/v2\/types\/page"}],"author":[{"embeddable":true,"href":"https:\/\/rahantech.com\/en\/wp-json\/wp\/v2\/users\/1"}],"replies":[{"embeddable":true,"href":"https:\/\/rahantech.com\/en\/wp-json\/wp\/v2\/comments?post=5480"}],"version-history":[{"count":51,"href":"https:\/\/rahantech.com\/en\/wp-json\/wp\/v2\/pages\/5480\/revisions"}],"predecessor-version":[{"id":6660,"href":"https:\/\/rahantech.com\/en\/wp-json\/wp\/v2\/pages\/5480\/revisions\/6660"}],"wp:attachment":[{"href":"https:\/\/rahantech.com\/en\/wp-json\/wp\/v2\/media?parent=5480"}],"curies":[{"name":"wp","href":"https:\/\/api.w.org\/{rel}","templated":true}]}}