{"id":5449,"date":"2023-06-10T15:48:26","date_gmt":"2023-06-10T15:48:26","guid":{"rendered":"https:\/\/rahantech.syasii.com\/?page_id=5449"},"modified":"2023-09-19T14:51:13","modified_gmt":"2023-09-19T14:51:13","slug":"digitales-marketing","status":"publish","type":"page","link":"https:\/\/rahantech.com\/en\/digitales-marketing\/","title":{"rendered":"Digital Marketing"},"content":{"rendered":"<div data-elementor-type=\"wp-page\" data-elementor-id=\"5449\" class=\"elementor elementor-5449\">\n\t\t\t\t\t\t<section class=\"elementor-section elementor-top-section elementor-element elementor-element-8aa477c ot-traditional elementor-section-boxed elementor-section-height-default elementor-section-height-default\" data-id=\"8aa477c\" data-element_type=\"section\">\n\t\t\t\t\t\t<div class=\"elementor-container elementor-column-gap-default\">\n\t\t\t\t\t<div class=\"elementor-column elementor-col-100 elementor-top-column elementor-element elementor-element-1663d82 ot-flex-column-vertical\" data-id=\"1663d82\" data-element_type=\"column\">\n\t\t\t<div class=\"elementor-widget-wrap elementor-element-populated\">\n\t\t\t\t\t\t<div class=\"elementor-element elementor-element-c1cb4fb elementor-widget elementor-widget-text-editor\" data-id=\"c1cb4fb\" data-element_type=\"widget\" data-widget_type=\"text-editor.default\">\n\t\t\t\t<div class=\"elementor-widget-container\">\n\t\t\t<style>\/*! elementor - v3.20.0 - 20-03-2024 *\/\n.elementor-widget-text-editor.elementor-drop-cap-view-stacked .elementor-drop-cap{background-color:#69727d;color:#fff}.elementor-widget-text-editor.elementor-drop-cap-view-framed .elementor-drop-cap{color:#69727d;border:3px solid;background-color:transparent}.elementor-widget-text-editor:not(.elementor-drop-cap-view-default) .elementor-drop-cap{margin-top:8px}.elementor-widget-text-editor:not(.elementor-drop-cap-view-default) .elementor-drop-cap-letter{width:1em;height:1em}.elementor-widget-text-editor .elementor-drop-cap{float:left;text-align:center;line-height:1;font-size:50px}.elementor-widget-text-editor .elementor-drop-cap-letter{display:inline-block}<\/style>\t\t\t\t<p>Digital marketing refers to the practice of promoting products, services, or brands using various digital channels and technologies. It involves utilizing online platforms, such as search engines, social media, email, websites, and mobile\napplications, to reach and engage with a target audience.<\/p><p>Digital marketing encompasses a wide range of strategies and tactics aimed at achieving specific marketing objectives. Some common components of digital marketing include:<\/p><ol><li><p><strong>Search Engine Optimization (SEO):<\/strong> The process of optimizing a website\u2019s content and structure to improve its visibility and ranking on search engine results pages, thus increasing organic (non-paid) traffic<\/p><\/li><li><p><strong>Search Engine Marketing (SEM):<\/strong> Involves running paid advertising campaigns on search engines, such as Google Ads or Bing Ads, to increase visibility and drive targeted traffic to a website<\/p><\/li><li><p><strong>Social Media Marketing:<\/strong> Utilizing social media platforms like Facebook,\nInstagram, Twitter, LinkedIn, and others to build brand awareness, engage with audiences, and promote products or services<\/p><\/li><li><p><strong>Content Marketing<\/strong> Creating and distributing valuable and relevant content, such as blog posts, articles, videos, infographics, or podcasts, to attract and retain an audience, ultimately driving customer action<\/p><\/li><li><p><strong>Email Marketing:<\/strong> Sending targeted emails to prospects and customers to promote products, provide information, build relationships, and generate\nsales or leads<\/p><\/li><li><p><strong>Influencer Marketing:<\/strong> Collaborating with influential individuals or content\ncreators who have a dedicated following to  promote a brand\u2019s products or services<\/p><\/li><li><p><strong>Affiliate Marketing:<\/strong> Partnering with affiliates who promote a brand\u2019s\nproducts or services and earn a commission for each sale or lead they generate<\/p><\/li><li><p><strong>Display Advertising:<\/strong> Placing visual ads, such as banners or videos, on\nwebsites, mobile apps, or social media platforms to increase brand visibility and drive traffic<\/p><\/li><li><p><strong>Mobile Marketing:<\/strong> Targeting mobile device users through strategies like mobile apps, SMS marketing, or mobile-optimized websites.<\/p><\/li><li><p><strong>Analytics and Reporting:<\/strong> Collecting and analyzing data from digital\nmarketing activities to measure performance, track metrics, and optimize future campaigns.<\/p><\/li><\/ol><p>Digital marketing offers numerous advantages over traditional marketing methods, such as broader reach, better targeting options, lower costs, real-time data analysis, and the ability to interact with customers in a more personalized and engaging manner.<\/p>\t\t\t\t\t\t<\/div>\n\t\t\t\t<\/div>\n\t\t\t\t\t<\/div>\n\t\t<\/div>\n\t\t\t\t\t<\/div>\n\t\t<\/section>\n\t\t\t\t<\/div>","protected":false},"excerpt":{"rendered":"<p>Unter digitalem Marketing versteht man die F\u00f6rderung von Produkten, Dienstleistungen oder Marken \u00fcber verschiedene digitale Kan\u00e4le und Technologien. Es umfasst die Nutzung von Online-Plattformen wie Suchmaschinen, soziale Medien, E-Mail, Websites und mobile Anwendungen, um eine Zielgruppe zu erreichen und anzusprechen. Digital Marketing umfasst eine Vielzahl von Strategien und Taktiken, die darauf abzielen, spezifische Marketingziele zu [&hellip;]<\/p>","protected":false},"author":1,"featured_media":0,"parent":0,"menu_order":0,"comment_status":"closed","ping_status":"closed","template":"","meta":{"footnotes":""},"class_list":["post-5449","page","type-page","status-publish","hentry"],"_links":{"self":[{"href":"https:\/\/rahantech.com\/en\/wp-json\/wp\/v2\/pages\/5449","targetHints":{"allow":["GET"]}}],"collection":[{"href":"https:\/\/rahantech.com\/en\/wp-json\/wp\/v2\/pages"}],"about":[{"href":"https:\/\/rahantech.com\/en\/wp-json\/wp\/v2\/types\/page"}],"author":[{"embeddable":true,"href":"https:\/\/rahantech.com\/en\/wp-json\/wp\/v2\/users\/1"}],"replies":[{"embeddable":true,"href":"https:\/\/rahantech.com\/en\/wp-json\/wp\/v2\/comments?post=5449"}],"version-history":[{"count":14,"href":"https:\/\/rahantech.com\/en\/wp-json\/wp\/v2\/pages\/5449\/revisions"}],"predecessor-version":[{"id":6685,"href":"https:\/\/rahantech.com\/en\/wp-json\/wp\/v2\/pages\/5449\/revisions\/6685"}],"wp:attachment":[{"href":"https:\/\/rahantech.com\/en\/wp-json\/wp\/v2\/media?parent=5449"}],"curies":[{"name":"wp","href":"https:\/\/api.w.org\/{rel}","templated":true}]}}