{"id":5096,"date":"2023-04-21T09:22:28","date_gmt":"2023-04-21T09:22:28","guid":{"rendered":"http:\/\/testrahan.limpidsystems.com\/?page_id=5096"},"modified":"2023-12-26T14:36:49","modified_gmt":"2023-12-26T14:36:49","slug":"senden-sie-ihren-lebenslauf","status":"publish","type":"page","link":"https:\/\/rahantech.com\/en\/senden-sie-ihren-lebenslauf\/","title":{"rendered":"Send Your CV"},"content":{"rendered":"<div data-elementor-type=\"wp-page\" data-elementor-id=\"5096\" class=\"elementor elementor-5096\">\n\t\t\t\t\t\t<section class=\"elementor-section elementor-top-section elementor-element elementor-element-1ad304c ot-traditional elementor-section-boxed elementor-section-height-default elementor-section-height-default\" data-id=\"1ad304c\" data-element_type=\"section\">\n\t\t\t\t\t\t<div class=\"elementor-container elementor-column-gap-default\">\n\t\t\t\t\t<div class=\"elementor-column elementor-col-100 elementor-top-column elementor-element elementor-element-bf1cd69 ot-flex-column-vertical\" data-id=\"bf1cd69\" data-element_type=\"column\">\n\t\t\t<div class=\"elementor-widget-wrap elementor-element-populated\">\n\t\t\t\t\t\t<div class=\"elementor-element elementor-element-1abfca8 elementor-widget elementor-widget-heading\" data-id=\"1abfca8\" data-element_type=\"widget\" data-widget_type=\"heading.default\">\n\t\t\t\t<div class=\"elementor-widget-container\">\n\t\t\t<style>\/*! elementor - v3.20.0 - 20-03-2024 *\/\n.elementor-heading-title{padding:0;margin:0;line-height:1}.elementor-widget-heading .elementor-heading-title[class*=elementor-size-]>a{color:inherit;font-size:inherit;line-height:inherit}.elementor-widget-heading .elementor-heading-title.elementor-size-small{font-size:15px}.elementor-widget-heading .elementor-heading-title.elementor-size-medium{font-size:19px}.elementor-widget-heading .elementor-heading-title.elementor-size-large{font-size:29px}.elementor-widget-heading .elementor-heading-title.elementor-size-xl{font-size:39px}.elementor-widget-heading .elementor-heading-title.elementor-size-xxl{font-size:59px}<\/style><h2 class=\"elementor-heading-title elementor-size-default\">Overview<\/h2>\t\t<\/div>\n\t\t\t\t<\/div>\n\t\t\t\t\t<\/div>\n\t\t<\/div>\n\t\t\t\t\t<\/div>\n\t\t<\/section>\n\t\t\t\t<section class=\"elementor-section elementor-top-section elementor-element elementor-element-ccef80e ot-traditional elementor-section-boxed elementor-section-height-default elementor-section-height-default\" data-id=\"ccef80e\" data-element_type=\"section\">\n\t\t\t\t\t\t<div class=\"elementor-container elementor-column-gap-default\">\n\t\t\t\t\t<div class=\"elementor-column elementor-col-25 elementor-top-column elementor-element elementor-element-972e323 ot-flex-column-vertical\" data-id=\"972e323\" data-element_type=\"column\">\n\t\t\t<div class=\"elementor-widget-wrap elementor-element-populated\">\n\t\t\t\t\t\t<div class=\"elementor-element elementor-element-2fdb779 box-content elementor-widget elementor-widget-iiconbox1\" data-id=\"2fdb779\" data-element_type=\"widget\" data-widget_type=\"iiconbox1.default\">\n\t\t\t\t<div class=\"elementor-widget-container\">\n\t\t\t\t\t<div class=\"icon-box-s1\">\r\n\t\t\t<div class=\"icon-main\">\r\n\t\t        <i aria-hidden=\"true\" class=\"far fa-check-circle\"><\/i>\t\t\t    \t\t        \t        <\/div>\r\n\t        <h5><\/h5>\r\n\t        <div class=\"line-box\"><\/div>\r\n\t        <p>After submitting your completed contact form and documents with references, we will check whether cooperation is possible. The contract will be finalized after a successful examination. Fees will only be based on success<\/p>\r\n\t    <\/div>\r\n\t    \t\t<\/div>\n\t\t\t\t<\/div>\n\t\t\t\t\t<\/div>\n\t\t<\/div>\n\t\t\t\t<div class=\"elementor-column elementor-col-25 elementor-top-column elementor-element elementor-element-b88df59 ot-flex-column-vertical\" data-id=\"b88df59\" data-element_type=\"column\">\n\t\t\t<div class=\"elementor-widget-wrap elementor-element-populated\">\n\t\t\t\t\t\t<div class=\"elementor-element elementor-element-4ae018e box-content elementor-widget elementor-widget-iiconbox1\" data-id=\"4ae018e\" data-element_type=\"widget\" data-widget_type=\"iiconbox1.default\">\n\t\t\t\t<div class=\"elementor-widget-container\">\n\t\t\t\t\t<div class=\"icon-box-s1\">\r\n\t\t\t<div class=\"icon-main\">\r\n\t\t        <i aria-hidden=\"true\" class=\"far fa-file-alt\"><\/i>\t\t\t    \t\t        \t        <\/div>\r\n\t        <h5><\/h5>\r\n\t        <div class=\"line-box\"><\/div>\r\n\t        <p>In addition to optimizing your CV, we also optimize your application documents and send them to companies that match your location and industry<\/p>\r\n\t    <\/div>\r\n\t    \t\t<\/div>\n\t\t\t\t<\/div>\n\t\t\t\t\t<\/div>\n\t\t<\/div>\n\t\t\t\t<div class=\"elementor-column elementor-col-25 elementor-top-column elementor-element elementor-element-bf61637 ot-flex-column-vertical\" data-id=\"bf61637\" data-element_type=\"column\">\n\t\t\t<div class=\"elementor-widget-wrap elementor-element-populated\">\n\t\t\t\t\t\t<div class=\"elementor-element elementor-element-cd83eb8 box-content elementor-widget elementor-widget-iiconbox1\" data-id=\"cd83eb8\" data-element_type=\"widget\" data-widget_type=\"iiconbox1.default\">\n\t\t\t\t<div class=\"elementor-widget-container\">\n\t\t\t\t\t<div class=\"icon-box-s1\">\r\n\t\t\t<div class=\"icon-main\">\r\n\t\t        <i aria-hidden=\"true\" class=\"far fa-envelope-open\"><\/i>\t\t\t    \t\t        \t        <\/div>\r\n\t        <h5><\/h5>\r\n\t        <div class=\"line-box\"><\/div>\r\n\t        <p>After sending your application documents to matching companies, you will receive positive\nresponses directly from interested employers who wish to hire you. The choice of which company to interview with is entirely up to you<\/p>\r\n\t    <\/div>\r\n\t    \t\t<\/div>\n\t\t\t\t<\/div>\n\t\t\t\t\t<\/div>\n\t\t<\/div>\n\t\t\t\t<div class=\"elementor-column elementor-col-25 elementor-top-column elementor-element elementor-element-1f048ef ot-flex-column-vertical\" data-id=\"1f048ef\" data-element_type=\"column\">\n\t\t\t<div class=\"elementor-widget-wrap elementor-element-populated\">\n\t\t\t\t\t\t<div class=\"elementor-element elementor-element-b1f8993 box-content elementor-widget elementor-widget-iiconbox1\" data-id=\"b1f8993\" data-element_type=\"widget\" data-widget_type=\"iiconbox1.default\">\n\t\t\t\t<div class=\"elementor-widget-container\">\n\t\t\t\t\t<div class=\"icon-box-s1\">\r\n\t\t\t<div class=\"icon-main\">\r\n\t\t        <i aria-hidden=\"true\" class=\"fas fa-award\"><\/i>\t\t\t    \t\t        \t        <\/div>\r\n\t        <h5><\/h5>\r\n\t        <div class=\"line-box\"><\/div>\r\n\t        <p>Congratulations on securing your new job! Please note that payment will begin after four weeks of\njoining<\/p>\r\n\t    <\/div>\r\n\t    \t\t<\/div>\n\t\t\t\t<\/div>\n\t\t\t\t\t<\/div>\n\t\t<\/div>\n\t\t\t\t\t<\/div>\n\t\t<\/section>\n\t\t\t\t<section class=\"elementor-section elementor-top-section elementor-element elementor-element-684d10e ot-traditional elementor-section-boxed elementor-section-height-default elementor-section-height-default\" data-id=\"684d10e\" data-element_type=\"section\">\n\t\t\t\t\t\t<div class=\"elementor-container elementor-column-gap-default\">\n\t\t\t\t\t<div class=\"elementor-column elementor-col-100 elementor-top-column elementor-element elementor-element-739c2e4 ot-flex-column-vertical\" data-id=\"739c2e4\" data-element_type=\"column\">\n\t\t\t<div class=\"elementor-widget-wrap elementor-element-populated\">\n\t\t\t\t\t\t<div class=\"elementor-element elementor-element-f806ad6 elementor-widget elementor-widget-iheading\" data-id=\"f806ad6\" data-element_type=\"widget\" data-widget_type=\"iheading.default\">\n\t\t\t\t<div class=\"elementor-widget-container\">\n\t\t\t\t\t<div class=\"ot-heading\">\r\n\t        \t            <span>\/\/ SEND US YOUR CV AND LET US HELP YOU FIND YOUR NEXT CAREER OPPORTUNITY<\/span>\r\n\t        <h3 class=\"main-heading\">Send your application<\/h3>\t    <\/div>\r\n\t    \t\t<\/div>\n\t\t\t\t<\/div>\n\t\t\t\t<div class=\"elementor-element elementor-element-7e27f8c elementor-widget elementor-widget-text-editor\" data-id=\"7e27f8c\" data-element_type=\"widget\" data-widget_type=\"text-editor.default\">\n\t\t\t\t<div class=\"elementor-widget-container\">\n\t\t\t<style>\/*! elementor - v3.20.0 - 20-03-2024 *\/\n.elementor-widget-text-editor.elementor-drop-cap-view-stacked .elementor-drop-cap{background-color:#69727d;color:#fff}.elementor-widget-text-editor.elementor-drop-cap-view-framed .elementor-drop-cap{color:#69727d;border:3px solid;background-color:transparent}.elementor-widget-text-editor:not(.elementor-drop-cap-view-default) .elementor-drop-cap{margin-top:8px}.elementor-widget-text-editor:not(.elementor-drop-cap-view-default) .elementor-drop-cap-letter{width:1em;height:1em}.elementor-widget-text-editor .elementor-drop-cap{float:left;text-align:center;line-height:1;font-size:50px}.elementor-widget-text-editor .elementor-drop-cap-letter{display:inline-block}<\/style>\t\t\t\t<p>Are you ready to take the next step in your career? Our job agency is here to help you find the perfect job opportunity that matches your skills, experience and career aspirations. Whether you\u2019re looking for a new challenge or want to take your career to the next level, we have a wide range of job opportunities available for professionals and executives across different industries.<\/p><p>To get started, simply send us your CV and tell us more about your career goals and preferences. Our team of experts will review your CV and match you with relevant job opportunities that fit your\nprofile. At our job agency, we\u2019re committed to helping you find your dream job and take your career to the next level.<\/p>\t\t\t\t\t\t<\/div>\n\t\t\t\t<\/div>\n\t\t\t\t<div class=\"elementor-element elementor-element-fd742b7 elementor-widget elementor-widget-spacer\" data-id=\"fd742b7\" data-element_type=\"widget\" data-widget_type=\"spacer.default\">\n\t\t\t\t<div class=\"elementor-widget-container\">\n\t\t\t<style>\/*! elementor - v3.20.0 - 20-03-2024 *\/\n.elementor-column .elementor-spacer-inner{height:var(--spacer-size)}.e-con{--container-widget-width:100%}.e-con-inner>.elementor-widget-spacer,.e-con>.elementor-widget-spacer{width:var(--container-widget-width,var(--spacer-size));--align-self:var(--container-widget-align-self,initial);--flex-shrink:0}.e-con-inner>.elementor-widget-spacer>.elementor-widget-container,.e-con>.elementor-widget-spacer>.elementor-widget-container{height:100%;width:100%}.e-con-inner>.elementor-widget-spacer>.elementor-widget-container>.elementor-spacer,.e-con>.elementor-widget-spacer>.elementor-widget-container>.elementor-spacer{height:100%}.e-con-inner>.elementor-widget-spacer>.elementor-widget-container>.elementor-spacer>.elementor-spacer-inner,.e-con>.elementor-widget-spacer>.elementor-widget-container>.elementor-spacer>.elementor-spacer-inner{height:var(--container-widget-height,var(--spacer-size))}.e-con-inner>.elementor-widget-spacer.elementor-widget-empty,.e-con>.elementor-widget-spacer.elementor-widget-empty{position:relative;min-height:22px;min-width:22px}.e-con-inner>.elementor-widget-spacer.elementor-widget-empty .elementor-widget-empty-icon,.e-con>.elementor-widget-spacer.elementor-widget-empty .elementor-widget-empty-icon{position:absolute;top:0;bottom:0;left:0;right:0;margin:auto;padding:0;width:22px;height:22px}<\/style>\t\t<div class=\"elementor-spacer\">\n\t\t\t<div class=\"elementor-spacer-inner\"><\/div>\n\t\t<\/div>\n\t\t\t\t<\/div>\n\t\t\t\t<\/div>\n\t\t\t\t\t<\/div>\n\t\t<\/div>\n\t\t\t\t\t<\/div>\n\t\t<\/section>\n\t\t\t\t<section class=\"elementor-section elementor-top-section elementor-element elementor-element-eb8527d ot-layout_block elementor-section-boxed elementor-section-height-default elementor-section-height-default\" data-id=\"eb8527d\" data-element_type=\"section\">\n\t\t\t\t\t\t<div class=\"elementor-container elementor-column-gap-default\">\n\t\t\t\t\t<div class=\"elementor-column elementor-col-16 elementor-top-column elementor-element elementor-element-eeac8a8 ot-flex-column-vertical\" data-id=\"eeac8a8\" data-element_type=\"column\">\n\t\t\t<div class=\"elementor-widget-wrap\">\n\t\t\t\t\t\t\t<\/div>\n\t\t<\/div>\n\t\t\t\t<div class=\"elementor-column elementor-col-66 elementor-top-column elementor-element elementor-element-0bb3645 ot-flex-column-vertical\" data-id=\"0bb3645\" data-element_type=\"column\">\n\t\t\t<div class=\"elementor-widget-wrap elementor-element-populated\">\n\t\t\t\t\t\t<div class=\"elementor-element elementor-element-f933257 elementor-widget elementor-widget-shortcode\" data-id=\"f933257\" data-element_type=\"widget\" data-widget_type=\"shortcode.default\">\n\t\t\t\t<div class=\"elementor-widget-container\">\n\t\t\t\t\t<div class=\"elementor-shortcode\"><div class=\"caldera-grid\" id=\"caldera_form_1\" data-cf-ver=\"1.9.7\" data-cf-form-id=\"CF64d47a0a38e1b\"><div id=\"caldera_notices_1\" data-spinner=\"https:\/\/rahantech.com\/wp-admin\/images\/spinner.gif\"><\/div><form data-instance=\"1\" class=\"CF64d47a0a38e1b caldera_forms_form cfajax-trigger\" method=\"POST\" enctype=\"multipart\/form-data\" id=\"CF64d47a0a38e1b_1\" data-form-id=\"CF64d47a0a38e1b\" aria-label=\"Send your CV\" data-target=\"#caldera_notices_1\" data-template=\"#cfajax_CF64d47a0a38e1b-tmpl\" data-cfajax=\"CF64d47a0a38e1b\" data-load-element=\"_parent\" data-load-class=\"cf_processing\" data-post-disable=\"0\" data-action=\"cf_process_ajax_submit\" data-request=\"https:\/\/rahantech.com\/en\/cf-api\/CF64d47a0a38e1b\" action=\"\">\r\n<input type=\"hidden\" id=\"_cf_verify_CF64d47a0a38e1b\" name=\"_cf_verify\" value=\"ef12471790\"  data-nonce-time=\"1778696319\" \/><input type=\"hidden\" name=\"_wp_http_referer\" value=\"\/en\/wp-json\/wp\/v2\/pages\/5096\" \/><div id=\"cf2-CF64d47a0a38e1b_1\"><\/div><input type=\"hidden\" name=\"_cf_frm_id\" value=\"CF64d47a0a38e1b\">\r\n<input type=\"hidden\" name=\"_cf_frm_ct\" value=\"1\">\r\n<input type=\"hidden\" name=\"cfajax\" value=\"CF64d47a0a38e1b\">\r\n<input type=\"hidden\" name=\"_cf_cr_pst\" value=\"5096\">\r\n<div class=\"hide\" style=\"display:none; overflow:hidden;height:0;width:0;\">\r\n<label>Url<\/label><input type=\"text\" name=\"url\" value=\"\" autocomplete=\"off\">\r\n<\/div><div id=\"CF64d47a0a38e1b_1-row-1\"  class=\"row  first_row\"><div  class=\"col-sm-12  single\"><div data-field-wrapper=\"fld_8768091\" class=\"form-group\" id=\"fld_8768091_1-wrap\">\r\n\t<label id=\"fld_8768091Label\" for=\"fld_8768091_1\" class=\"control-label\">Job <span aria-hidden=\"true\" role=\"presentation\" class=\"field_required\" style=\"color:#ee0000;\">*<\/span><\/label>\r\n\t<div class=\"\">\r\n\t\t<input   required type=\"text\" data-field=\"fld_8768091\" class=\"form-control\" id=\"fld_8768091_1\" name=\"fld_8768091\" value=\"\" data-type=\"text\" aria-required=\"true\"   aria-labelledby=\"fld_8768091Label\" >\t\t\t<\/div>\r\n<\/div>\r\n<div data-field-wrapper=\"fld_9970286\" class=\"form-group\" id=\"fld_9970286_1-wrap\">\r\n\t<label id=\"fld_9970286Label\" for=\"fld_9970286_1\" class=\"control-label\">First Name, Last Name <span aria-hidden=\"true\" role=\"presentation\" class=\"field_required\" style=\"color:#ee0000;\">*<\/span><\/label>\r\n\t<div class=\"\">\r\n\t\t<input   required type=\"text\" data-field=\"fld_9970286\" class=\"form-control\" id=\"fld_9970286_1\" name=\"fld_9970286\" value=\"\" data-type=\"text\" aria-required=\"true\"   aria-labelledby=\"fld_9970286Label\" >\t\t\t<\/div>\r\n<\/div>\r\n<div data-field-wrapper=\"fld_7630988\" class=\"form-group\" id=\"fld_7630988_1-wrap\">\r\n\t<label id=\"fld_7630988Label\" for=\"fld_7630988_1\" class=\"control-label\">City <span aria-hidden=\"true\" role=\"presentation\" class=\"field_required\" style=\"color:#ee0000;\">*<\/span><\/label>\r\n\t<div class=\"\">\r\n\t\t<input   required type=\"text\" data-field=\"fld_7630988\" class=\"form-control\" id=\"fld_7630988_1\" name=\"fld_7630988\" value=\"\" data-type=\"text\" aria-required=\"true\"   aria-labelledby=\"fld_7630988Label\" >\t\t\t<\/div>\r\n<\/div>\r\n<div data-field-wrapper=\"fld_7244145\" class=\"form-group\" id=\"fld_7244145_1-wrap\">\r\n\t<label id=\"fld_7244145Label\" for=\"fld_7244145_1\" class=\"control-label\">Phone <span aria-hidden=\"true\" role=\"presentation\" class=\"field_required\" style=\"color:#ee0000;\">*<\/span><\/label>\r\n\t<div class=\"\">\r\n\t\t<input  data-inputmask=\"'mask': '+99 999999999999999'\"  required type=\"phone\" data-field=\"fld_7244145\" class=\"form-control\" id=\"fld_7244145_1\" name=\"fld_7244145\" value=\"\" data-type=\"phone\" aria-required=\"true\"   aria-labelledby=\"fld_7244145Label\" >\t\t\t<\/div>\r\n<\/div>\r\n<div data-field-wrapper=\"fld_6009157\" class=\"form-group\" id=\"fld_6009157_1-wrap\">\r\n\t<label id=\"fld_6009157Label\" for=\"fld_6009157_1\" class=\"control-label\">Email <span aria-hidden=\"true\" role=\"presentation\" class=\"field_required\" style=\"color:#ee0000;\">*<\/span><\/label>\r\n\t<div class=\"\">\r\n\t\t<input   required type=\"email\" data-field=\"fld_6009157\" class=\"form-control\" id=\"fld_6009157_1\" name=\"fld_6009157\" value=\"\" data-type=\"email\" aria-required=\"true\"   aria-labelledby=\"fld_6009157Label\" >\t\t\t<\/div>\r\n<\/div>\r\n<div data-field-wrapper=\"fld_5056865\" class=\"form-group\" id=\"fld_5056865_1-wrap\">\r\n\t<label id=\"fld_5056865Label\" for=\"fld_5056865_1\" class=\"control-label\">Curriculum Vitae <span aria-hidden=\"true\" role=\"presentation\" class=\"field_required\" style=\"color:#ee0000;\">*<\/span><\/label>\r\n\t<div class=\"file-prevent-overflow\">\r\n\t\t<div id=\"fld_5056865_1_file_list\" class=\"cf-multi-uploader-list\"><\/div>\n\t\t\t\t<input type=\"file\" name=\"fld_5056865\" value=\"\" data-field=\"fld_5056865\" class=\"\" id=\"fld_5056865_1\" data-controlid=\"trupl6a04c07fb65b6\"   required=\"required\"   aria-labelledby=\"fld_5056865Label\">\n\t\t<input type=\"hidden\" name=\"fld_5056865\" value=\"trupl6a04c07fb65b6\">\n\t\t\t<\/div>\r\n<\/div>\r\n<div data-field-wrapper=\"fld_9168334\" class=\"form-group\" id=\"fld_9168334_1-wrap\">\r\n\t<label id=\"fld_9168334Label\" for=\"fld_9168334_1\" class=\"control-label\">Cover Letter <span aria-hidden=\"true\" role=\"presentation\" class=\"field_required\" style=\"color:#ee0000;\">*<\/span><\/label>\r\n\t<div class=\"file-prevent-overflow\">\r\n\t\t<div id=\"fld_9168334_1_file_list\" class=\"cf-multi-uploader-list\"><\/div>\n\t\t\t\t<input type=\"file\" name=\"fld_9168334\" value=\"\" data-field=\"fld_9168334\" class=\"\" id=\"fld_9168334_1\" data-controlid=\"trupl6a04c07fb668a\"   required=\"required\"   aria-labelledby=\"fld_9168334Label\">\n\t\t<input type=\"hidden\" name=\"fld_9168334\" value=\"trupl6a04c07fb668a\">\n\t\t\t<\/div>\r\n<\/div>\r\n<div data-field-wrapper=\"fld_3193420\" class=\"form-group\" id=\"fld_3193420_1-wrap\">\r\n\t<label id=\"fld_3193420Label\" for=\"fld_3193420_1\" class=\"control-label\">Certificates<\/label>\r\n\t<div class=\"file-prevent-overflow\">\r\n\t\t<div id=\"fld_3193420_1_file_list\" class=\"cf-multi-uploader-list\"><\/div>\n\t\t\t\t<input type=\"file\" name=\"fld_3193420\" value=\"\" data-field=\"fld_3193420\" class=\"\" id=\"fld_3193420_1\" data-controlid=\"trupl6a04c07fb6756\"      aria-labelledby=\"fld_3193420Label\">\n\t\t<input type=\"hidden\" name=\"fld_3193420\" value=\"trupl6a04c07fb6756\">\n\t\t\t<\/div>\r\n<\/div>\r\n<div data-field-wrapper=\"fld_4010808\" class=\"form-group\" id=\"fld_4010808_1-wrap\">\r\n\t<label id=\"fld_4010808Label\" for=\"fld_4010808_1\" class=\"control-label\">Further Documents<\/label>\r\n\t<div class=\"file-prevent-overflow\">\r\n\t\t<div id=\"fld_4010808_1_file_list\" class=\"cf-multi-uploader-list\"><\/div>\n\t\t\t\t<input type=\"file\" name=\"fld_4010808\" value=\"\" data-field=\"fld_4010808\" class=\"\" id=\"fld_4010808_1\" data-controlid=\"trupl6a04c07fb682d\"      aria-labelledby=\"fld_4010808Label\">\n\t\t<input type=\"hidden\" name=\"fld_4010808\" value=\"trupl6a04c07fb682d\">\n\t\t\t<\/div>\r\n<\/div>\r\n<\/div><\/div><div id=\"CF64d47a0a38e1b_1-row-2\"  class=\"row  last_row\"><div  class=\"col-sm-12  single\"><div data-field-wrapper=\"fld_7908577\" class=\"form-group btnSend\" id=\"fld_7908577_1-wrap\">\r\n<div class=\"\">\r\n\t<input  class=\"octf-btn octf-btn-primary\" type=\"submit\" name=\"fld_7908577\" id=\"fld_7908577_1\" value=\"Send\" data-field=\"fld_7908577\"  >\n<\/div>\r\n<\/div>\r\n\t<input class=\"button_trigger_1\" type=\"hidden\" name=\"fld_7908577\" id=\"fld_7908577_1_btn\" value=\"\" data-field=\"fld_7908577\"  \/>\n<\/div><\/div><input type=\"hidden\" name=\"trp-form-language\" value=\"en\"\/><\/form>\r\n<\/div>\r\n<\/div>\n\t\t\t\t<\/div>\n\t\t\t\t<\/div>\n\t\t\t\t\t<\/div>\n\t\t<\/div>\n\t\t\t\t<div class=\"elementor-column elementor-col-16 elementor-top-column elementor-element elementor-element-66f0bc9 ot-flex-column-vertical\" data-id=\"66f0bc9\" data-element_type=\"column\">\n\t\t\t<div class=\"elementor-widget-wrap\">\n\t\t\t\t\t\t\t<\/div>\n\t\t<\/div>\n\t\t\t\t\t<\/div>\n\t\t<\/section>\n\t\t\t\t<\/div>","protected":false},"excerpt":{"rendered":"<p>\u00dcbersicht Nachdem Sie das vollst\u00e4ndig ausgef\u00fcllte Kontaktformular und die Dokumente mit Referenzen eingereicht haben, werden wir pr\u00fcfen, ob eine Zusammenarbeit m\u00f6glich ist. Der Vertrag wird nach erfolgreicher Pr\u00fcfung abgeschlossen. Die Geb\u00fchren werden ausschlie\u00dflich auf Basis des Erfolgs berechnet Zus\u00e4tzlich zur Optimierung Ihres Lebenslaufs optimieren wir auch Ihre Bewerbungsunterlagen und senden sie an Unternehmen, die zu [&hellip;]<\/p>","protected":false},"author":1,"featured_media":0,"parent":0,"menu_order":0,"comment_status":"closed","ping_status":"closed","template":"","meta":{"footnotes":""},"class_list":["post-5096","page","type-page","status-publish","hentry"],"_links":{"self":[{"href":"https:\/\/rahantech.com\/en\/wp-json\/wp\/v2\/pages\/5096","targetHints":{"allow":["GET"]}}],"collection":[{"href":"https:\/\/rahantech.com\/en\/wp-json\/wp\/v2\/pages"}],"about":[{"href":"https:\/\/rahantech.com\/en\/wp-json\/wp\/v2\/types\/page"}],"author":[{"embeddable":true,"href":"https:\/\/rahantech.com\/en\/wp-json\/wp\/v2\/users\/1"}],"replies":[{"embeddable":true,"href":"https:\/\/rahantech.com\/en\/wp-json\/wp\/v2\/comments?post=5096"}],"version-history":[{"count":87,"href":"https:\/\/rahantech.com\/en\/wp-json\/wp\/v2\/pages\/5096\/revisions"}],"predecessor-version":[{"id":6814,"href":"https:\/\/rahantech.com\/en\/wp-json\/wp\/v2\/pages\/5096\/revisions\/6814"}],"wp:attachment":[{"href":"https:\/\/rahantech.com\/en\/wp-json\/wp\/v2\/media?parent=5096"}],"curies":[{"name":"wp","href":"https:\/\/api.w.org\/{rel}","templated":true}]}}