{"id":1579,"date":"2020-01-09T04:10:53","date_gmt":"2020-01-09T04:10:53","guid":{"rendered":"http:\/\/wpdemo.archiwp.com\/engitech\/?page_id=1579"},"modified":"2023-09-18T15:28:32","modified_gmt":"2023-09-18T15:28:32","slug":"ueber-uns","status":"publish","type":"page","link":"https:\/\/rahantech.com\/en\/ueber-uns\/","title":{"rendered":"About Us"},"content":{"rendered":"<div data-elementor-type=\"wp-page\" data-elementor-id=\"1579\" class=\"elementor elementor-1579\">\n\t\t\t\t\t\t<section class=\"elementor-section elementor-top-section elementor-element elementor-element-7f3cbd8 elementor-section-content-middle ot-traditional elementor-section-boxed elementor-section-height-default elementor-section-height-default\" data-id=\"7f3cbd8\" data-element_type=\"section\" data-settings=\"{&quot;background_background&quot;:&quot;classic&quot;}\">\n\t\t\t\t\t\t<div class=\"elementor-container elementor-column-gap-extended\">\n\t\t\t\t\t<div class=\"elementor-column elementor-col-100 elementor-top-column elementor-element elementor-element-9fc2569 ot-flex-column-vertical\" data-id=\"9fc2569\" data-element_type=\"column\">\n\t\t\t<div class=\"elementor-widget-wrap elementor-element-populated\">\n\t\t\t\t\t\t<div class=\"elementor-element elementor-element-925ee15 elementor-widget elementor-widget-iheading\" data-id=\"925ee15\" data-element_type=\"widget\" data-widget_type=\"iheading.default\">\n\t\t\t\t<div class=\"elementor-widget-container\">\n\t\t\t\t\t<div class=\"ot-heading\">\r\n\t        \t            <span>\/\/ WHAT WE OFFER<\/span>\r\n\t        <h2 class=\"main-heading\">Your Partner for <br>\nSoftware Innovation<\/h2>\t    <\/div>\r\n\t    \t\t<\/div>\n\t\t\t\t<\/div>\n\t\t\t\t<div class=\"elementor-element elementor-element-5f326aa elementor-widget elementor-widget-text-editor\" data-id=\"5f326aa\" data-element_type=\"widget\" data-widget_type=\"text-editor.default\">\n\t\t\t\t<div class=\"elementor-widget-container\">\n\t\t\t<style>\/*! elementor - v3.20.0 - 20-03-2024 *\/\n.elementor-widget-text-editor.elementor-drop-cap-view-stacked .elementor-drop-cap{background-color:#69727d;color:#fff}.elementor-widget-text-editor.elementor-drop-cap-view-framed .elementor-drop-cap{color:#69727d;border:3px solid;background-color:transparent}.elementor-widget-text-editor:not(.elementor-drop-cap-view-default) .elementor-drop-cap{margin-top:8px}.elementor-widget-text-editor:not(.elementor-drop-cap-view-default) .elementor-drop-cap-letter{width:1em;height:1em}.elementor-widget-text-editor .elementor-drop-cap{float:left;text-align:center;line-height:1;font-size:50px}.elementor-widget-text-editor .elementor-drop-cap-letter{display:inline-block}<\/style>\t\t\t\t<p>Welcome to RahanTech, a leading provider of outsourcing solutions and job agency services. Our mission is to help businesses streamline their operations and connect job seekers with their dream job.<\/p><p>At RahanTech, we understand that businesses need to focus on their core competencies in order to succeed. <strong>Our Development Center is located in India and <\/strong><strong>has 40+ skilled experience developers.<\/strong> That\u2019s why we offer a range of outsourcing solutions, including Software development, Web development, Mobile app development, Cloud computing, Big data and analytics, Cyber security and more. We work closely with our clients to understand their business objectives and develop tailored outsourcing solutions that deliver measurable results.<\/p><p>We also believe that finding the right talent is essential to the success of any business. That\u2019s\nwhy we provide comprehensive job agency services to help job seekers find their dream job\nand employers find top talent. <strong>We specialize in a range <\/strong><strong>of industries, including technology, manufacturing, e-commerce, finance, healthcare and <\/strong><strong>more.<\/strong><\/p><p>Our team of experienced professionals has a proven track record of delivering high-quality outsourcing solutions and job agency services to clients across a range of industries. We understand that every business and\njob seeker have unique needs, and we are committed to delivering solutions that are customized to the specific needs of each client.<\/p><p>At RahanTech, we believe that proactive communication and collaboration are essential to the success of any project or job search. We work closely with our clients and job seekers throughout the process to ensure that we deliver solutions that meet or exceed their expectations.<\/p><p>We are committed to providing exceptional value to our clients and job seekers. We believe that transparency and honesty are key to building trust, and we are always upfront about our pricing and any potential costs associated with a project or job search.<\/p><p>If you\u2019re looking for a trusted partner to help you streamline your operations, find your dream job or top talent for your organization, contact us today to learn more about how we can help your business or career succeed.<\/p>\t\t\t\t\t\t<\/div>\n\t\t\t\t<\/div>\n\t\t\t\t\t<\/div>\n\t\t<\/div>\n\t\t\t\t\t<\/div>\n\t\t<\/section>\n\t\t\t\t<section class=\"elementor-section elementor-top-section elementor-element elementor-element-170a49a ot-traditional elementor-section-boxed elementor-section-height-default elementor-section-height-default\" data-id=\"170a49a\" data-element_type=\"section\" data-settings=\"{&quot;background_background&quot;:&quot;classic&quot;}\">\n\t\t\t\t\t\t\t<div class=\"elementor-background-overlay\"><\/div>\n\t\t\t\t\t\t\t<div class=\"elementor-container elementor-column-gap-extended\">\n\t\t\t\t\t<div class=\"elementor-column elementor-col-50 elementor-top-column elementor-element elementor-element-43f1d1e ot-flex-column-vertical\" data-id=\"43f1d1e\" data-element_type=\"column\">\n\t\t\t<div class=\"elementor-widget-wrap elementor-element-populated\">\n\t\t\t\t\t\t<div class=\"elementor-element elementor-element-d41fd46 elementor-widget elementor-widget-image\" data-id=\"d41fd46\" data-element_type=\"widget\" data-widget_type=\"image.default\">\n\t\t\t\t<div class=\"elementor-widget-container\">\n\t\t\t<style>\/*! elementor - v3.20.0 - 20-03-2024 *\/\n.elementor-widget-image{text-align:center}.elementor-widget-image a{display:inline-block}.elementor-widget-image a img[src$=\".svg\"]{width:48px}.elementor-widget-image img{vertical-align:middle;display:inline-block}<\/style>\t\t\t\t\t\t\t\t\t\t<img fetchpriority=\"high\" decoding=\"async\" width=\"665\" height=\"493\" src=\"https:\/\/rahantech.com\/wp-content\/uploads\/2020\/02\/image1-about.png\" class=\"attachment-full size-full wp-image-2244\" alt=\"\" srcset=\"https:\/\/rahantech.com\/wp-content\/uploads\/2020\/02\/image1-about.png 665w, https:\/\/rahantech.com\/wp-content\/uploads\/2020\/02\/image1-about-300x222.png 300w\" sizes=\"(max-width: 665px) 100vw, 665px\" \/>\t\t\t\t\t\t\t\t\t\t\t\t\t<\/div>\n\t\t\t\t<\/div>\n\t\t\t\t\t<\/div>\n\t\t<\/div>\n\t\t\t\t<div class=\"elementor-column elementor-col-50 elementor-top-column elementor-element elementor-element-6a613e7 ot-flex-column-vertical\" data-id=\"6a613e7\" data-element_type=\"column\">\n\t\t\t<div class=\"elementor-widget-wrap elementor-element-populated\">\n\t\t\t\t\t\t<div class=\"elementor-element elementor-element-2a85ab8 elementor-widget elementor-widget-iheading\" data-id=\"2a85ab8\" data-element_type=\"widget\" data-widget_type=\"iheading.default\">\n\t\t\t\t<div class=\"elementor-widget-container\">\n\t\t\t\t\t<div class=\"ot-heading\">\r\n\t        \t            <span>\/\/ EXPERIENCE. EXECUTION. EXCELLENCE.<\/span>\r\n\t        <h2 class=\"main-heading\">What We Actually Do<\/h2>\t    <\/div>\r\n\t    \t\t<\/div>\n\t\t\t\t<\/div>\n\t\t\t\t<section class=\"elementor-section elementor-inner-section elementor-element elementor-element-3c9f961 elementor-section-full_width ot-traditional elementor-section-height-default elementor-section-height-default\" data-id=\"3c9f961\" data-element_type=\"section\">\n\t\t\t\t\t\t<div class=\"elementor-container elementor-column-gap-default\">\n\t\t\t\t\t<div class=\"elementor-column elementor-col-100 elementor-inner-column elementor-element elementor-element-75497dc ot-flex-column-vertical\" data-id=\"75497dc\" data-element_type=\"column\">\n\t\t\t<div class=\"elementor-widget-wrap elementor-element-populated\">\n\t\t\t\t\t\t<div class=\"elementor-element elementor-element-5acfff0 elementor-widget elementor-widget-itabs\" data-id=\"5acfff0\" data-element_type=\"widget\" data-widget_type=\"itabs.default\">\n\t\t\t\t<div class=\"elementor-widget-container\">\n\t\t\t\r\n\t\t<div class=\"ot-tabs\">\r\n\t\t\t\t\t\t<ul class=\"tabs-heading unstyle\">\r\n\t\t\t\t\t\t\t\t<li class=\"tab-link octf-btn\" data-tab=\"tab-1659\">JOB CONSULTANCY<\/li>\r\n\t\t\t\t\t\t\t\t<li class=\"tab-link octf-btn\" data-tab=\"tab-2659\">IT SERVICES<\/li>\r\n\t\t\t\t\t\t\t<\/ul>\r\n\t\t\t\t\t\t<div id=\"tab-1659\" class=\"tab-content\">\r\n\t\t\t\t<p>We help ambitious businesses like yours generate more profits by building awareness, driving web\ntraffic, connecting with customers, and growing overall sales. Give us a call.<\/p><div class=\"elementor-widget-container\"><div class=\"ot-button\"><a class=\"btn-details\" href=\"https:\/\/rahantech.com\/en\/jobs\/\"><i class=\"flaticon-right-arrow-1\"><\/i> LEARN MORE<\/a><\/div><\/div>\t\t\t<\/div>\r\n\t\t\t\t\t\t<div id=\"tab-2659\" class=\"tab-content\">\r\n\t\t\t\t<p>We help ambitious businesses like yours generate more profits by building awareness, driving web\ntraffic, connecting with customers, and growing overall sales. Give us a call.<\/p><div class=\"elementor-widget-container\"><div class=\"ot-button\"><a class=\"btn-details\" href=\"https:\/\/rahantech.com\/en\/jobs\/\"><i class=\"flaticon-right-arrow-1\"><\/i> LEARN MORE<\/a><\/div><\/div><div class=\"elementor-widget-container\">\u00a0<\/div>\t\t\t<\/div>\r\n\t\t\t\t    <\/div>\r\n\r\n\t    \t\t<\/div>\n\t\t\t\t<\/div>\n\t\t\t\t\t<\/div>\n\t\t<\/div>\n\t\t\t\t\t<\/div>\n\t\t<\/section>\n\t\t\t\t\t<\/div>\n\t\t<\/div>\n\t\t\t\t\t<\/div>\n\t\t<\/section>\n\t\t\t\t<section class=\"elementor-section elementor-top-section elementor-element elementor-element-7c95c4b ot-traditional elementor-section-boxed elementor-section-height-default elementor-section-height-default\" data-id=\"7c95c4b\" data-element_type=\"section\" data-settings=\"{&quot;background_background&quot;:&quot;gradient&quot;}\">\n\t\t\t\t\t\t<div class=\"elementor-container elementor-column-gap-wider\">\n\t\t\t\t\t<div class=\"elementor-column elementor-col-50 elementor-top-column elementor-element elementor-element-58db47a ot-flex-column-vertical\" data-id=\"58db47a\" data-element_type=\"column\">\n\t\t\t<div class=\"elementor-widget-wrap elementor-element-populated\">\n\t\t\t\t\t\t<div class=\"elementor-element elementor-element-4f9cb3b elementor-widget elementor-widget-iiconbox1\" data-id=\"4f9cb3b\" data-element_type=\"widget\" data-widget_type=\"iiconbox1.default\">\n\t\t\t\t<div class=\"elementor-widget-container\">\n\t\t\t\t\t<div class=\"icon-box-s1\">\r\n\t\t\t<div class=\"icon-main\">\r\n\t\t        <i aria-hidden=\"true\" class=\"far fa-arrow-alt-circle-up\"><\/i>\t\t\t    \t\t        \t        <\/div>\r\n\t        <h5>Mission<\/h5>\r\n\t        <div class=\"line-box\"><\/div>\r\n\t        <p>\"To Provide high-quality services that will enhance business growth, while making long-term\ninvestors and employees proud.\"<\/p>\r\n\t    <\/div>\r\n\t    \t\t<\/div>\n\t\t\t\t<\/div>\n\t\t\t\t<div class=\"elementor-element elementor-element-658b463 elementor-widget elementor-widget-iiconbox1\" data-id=\"658b463\" data-element_type=\"widget\" data-widget_type=\"iiconbox1.default\">\n\t\t\t\t<div class=\"elementor-widget-container\">\n\t\t\t\t\t<div class=\"icon-box-s1\">\r\n\t\t\t<div class=\"icon-main\">\r\n\t\t        <i aria-hidden=\"true\" class=\"far fa-eye\"><\/i>\t\t\t    \t\t        \t        <\/div>\r\n\t        <h5>Vision<\/h5>\r\n\t        <div class=\"line-box\"><\/div>\r\n\t        <p>\"Make life easier by the digital transformation of your work.\"<\/p>\r\n\t    <\/div>\r\n\t    \t\t<\/div>\n\t\t\t\t<\/div>\n\t\t\t\t\t<\/div>\n\t\t<\/div>\n\t\t\t\t<div class=\"elementor-column elementor-col-50 elementor-top-column elementor-element elementor-element-6bd4e8a ot-column-items-center ot-flex-column-vertical\" data-id=\"6bd4e8a\" data-element_type=\"column\">\n\t\t\t<div class=\"elementor-widget-wrap elementor-element-populated\">\n\t\t\t\t\t\t<div class=\"elementor-element elementor-element-ea8c546 elementor-widget elementor-widget-image\" data-id=\"ea8c546\" data-element_type=\"widget\" data-widget_type=\"image.default\">\n\t\t\t\t<div class=\"elementor-widget-container\">\n\t\t\t\t\t\t\t\t\t\t\t\t\t<img decoding=\"async\" width=\"509\" height=\"338\" src=\"https:\/\/rahantech.com\/wp-content\/uploads\/2023\/05\/istockphoto-1434742171-170667a.jpg\" class=\"attachment-large size-large wp-image-5340\" alt=\"\" srcset=\"https:\/\/rahantech.com\/wp-content\/uploads\/2023\/05\/istockphoto-1434742171-170667a.jpg 509w, https:\/\/rahantech.com\/wp-content\/uploads\/2023\/05\/istockphoto-1434742171-170667a-300x199.jpg 300w\" sizes=\"(max-width: 509px) 100vw, 509px\" \/>\t\t\t\t\t\t\t\t\t\t\t\t\t<\/div>\n\t\t\t\t<\/div>\n\t\t\t\t\t<\/div>\n\t\t<\/div>\n\t\t\t\t\t<\/div>\n\t\t<\/section>\n\t\t\t\t<section class=\"elementor-section elementor-top-section elementor-element elementor-element-9e077d4 elementor-section-full_width ot-traditional elementor-section-height-default elementor-section-height-default\" data-id=\"9e077d4\" data-element_type=\"section\">\n\t\t\t\t\t\t<div class=\"elementor-container elementor-column-gap-default\">\n\t\t\t\t\t<div class=\"elementor-column elementor-col-100 elementor-top-column elementor-element elementor-element-8fcc597 ot-flex-column-vertical\" data-id=\"8fcc597\" data-element_type=\"column\">\n\t\t\t<div class=\"elementor-widget-wrap elementor-element-populated\">\n\t\t\t\t\t\t<div class=\"elementor-element elementor-element-b8f6334 elementor-widget elementor-widget-heading\" data-id=\"b8f6334\" data-element_type=\"widget\" data-widget_type=\"heading.default\">\n\t\t\t\t<div class=\"elementor-widget-container\">\n\t\t\t<style>\/*! elementor - v3.20.0 - 20-03-2024 *\/\n.elementor-heading-title{padding:0;margin:0;line-height:1}.elementor-widget-heading .elementor-heading-title[class*=elementor-size-]>a{color:inherit;font-size:inherit;line-height:inherit}.elementor-widget-heading .elementor-heading-title.elementor-size-small{font-size:15px}.elementor-widget-heading .elementor-heading-title.elementor-size-medium{font-size:19px}.elementor-widget-heading .elementor-heading-title.elementor-size-large{font-size:29px}.elementor-widget-heading .elementor-heading-title.elementor-size-xl{font-size:39px}.elementor-widget-heading .elementor-heading-title.elementor-size-xxl{font-size:59px}<\/style><h3 class=\"elementor-heading-title elementor-size-default\">Got a Project In Mind? Tell Us More<\/h3>\t\t<\/div>\n\t\t\t\t<\/div>\n\t\t\t\t<div class=\"elementor-element elementor-element-98c1006 elementor-widget elementor-widget-text-editor\" data-id=\"98c1006\" data-element_type=\"widget\" data-widget_type=\"text-editor.default\">\n\t\t\t\t<div class=\"elementor-widget-container\">\n\t\t\t\t\t\t\t<p>Drop us a line and we\u2019ll get back to you immediately to schedule a call and discuss your\nneeds personally.<\/p>\t\t\t\t\t\t<\/div>\n\t\t\t\t<\/div>\n\t\t\t\t<div class=\"elementor-element elementor-element-54beaf4 elementor-align-center elementor-widget elementor-widget-ibutton\" data-id=\"54beaf4\" data-element_type=\"widget\" data-widget_type=\"ibutton.default\">\n\t\t\t\t<div class=\"elementor-widget-container\">\n\t\t\t\t\t<div class=\"ot-button\">\r\n\t\t\t<a href=\"https:\/\/rahantech.com\/en\/kontakt\/\" class=\"octf-btn octf-btn-second\">TALK TO OUR EXPERTS<\/a>\r\n\t    <\/div>\r\n\t    \t\t<\/div>\n\t\t\t\t<\/div>\n\t\t\t\t\t<\/div>\n\t\t<\/div>\n\t\t\t\t\t<\/div>\n\t\t<\/section>\n\t\t\t\t<\/div>","protected":false},"excerpt":{"rendered":"<p>\/\/ WAS WIR BIETEN Ihr Partner f\u00fcr Software-Innovationen Willkommen bei RahanTech, einem f\u00fchrenden Anbieter von Outsourcing-L\u00f6sungen und Arbeitsvermittlung. Unser Ziel ist es, Unternehmen bei der Rationalisierung ihrer Abl\u00e4ufe zu helfen und Arbeitssuchende mit ihrem Traumjob zu verbinden. Bei RahanTech sind wir uns bewusst, dass Unternehmen sich auf ihre Kernkompetenzen konzentrieren m\u00fcssen, um erfolgreich zu sein. [&hellip;]<\/p>","protected":false},"author":1,"featured_media":0,"parent":0,"menu_order":0,"comment_status":"closed","ping_status":"closed","template":"","meta":{"footnotes":""},"class_list":["post-1579","page","type-page","status-publish","hentry"],"_links":{"self":[{"href":"https:\/\/rahantech.com\/en\/wp-json\/wp\/v2\/pages\/1579","targetHints":{"allow":["GET"]}}],"collection":[{"href":"https:\/\/rahantech.com\/en\/wp-json\/wp\/v2\/pages"}],"about":[{"href":"https:\/\/rahantech.com\/en\/wp-json\/wp\/v2\/types\/page"}],"author":[{"embeddable":true,"href":"https:\/\/rahantech.com\/en\/wp-json\/wp\/v2\/users\/1"}],"replies":[{"embeddable":true,"href":"https:\/\/rahantech.com\/en\/wp-json\/wp\/v2\/comments?post=1579"}],"version-history":[{"count":85,"href":"https:\/\/rahantech.com\/en\/wp-json\/wp\/v2\/pages\/1579\/revisions"}],"predecessor-version":[{"id":6643,"href":"https:\/\/rahantech.com\/en\/wp-json\/wp\/v2\/pages\/1579\/revisions\/6643"}],"wp:attachment":[{"href":"https:\/\/rahantech.com\/en\/wp-json\/wp\/v2\/media?parent=1579"}],"curies":[{"name":"wp","href":"https:\/\/api.w.org\/{rel}","templated":true}]}}